{"id":855,"date":"2026-01-27T21:25:24","date_gmt":"2026-01-27T21:25:24","guid":{"rendered":"https:\/\/nomadicmye.com\/portfolio\/"},"modified":"2026-04-14T00:16:10","modified_gmt":"2026-04-14T00:16:10","slug":"portfolio","status":"publish","type":"page","link":"https:\/\/nomadicmye.com\/fr\/portfolio\/","title":{"rendered":"Portfolio"},"content":{"rendered":"<div class=\"et_pb_section_0 et_pb_section et_section_regular et_block_section\">\n<div class=\"et_pb_row_0 et_pb_row et_block_row preset--module--divi-row--5138c454-be54-4233-bd3b-f8e6a8747976\">\n<div class=\"et_pb_column_0 et_pb_column et_pb_column_1_2 et_block_column et_pb_css_mix_blend_mode_passthrough preset--module--divi-column--73121f80-a3ef-4484-8763-c3f18e3c56d2\">\n<div class=\"et_pb_heading_0 et_pb_heading et_pb_module et_block_module preset--module--divi-heading--f0c675ea-2574-4d0e-b725-30f8550a8550 preset--module--divi-heading--9f10tpnh6u\"><div class=\"et_pb_heading_container\"><h2 class=\"et_pb_module_header\">D\u00e9couvrez le monde \u00e0 travers mon objectif<\/h2><\/div><\/div>\n\n<div class=\"et_pb_heading_1 et_pb_heading et_pb_module et_block_module preset--module--divi-heading--ddeb8c09-9078-4424-bc15-2efb6572e28e preset--module--divi-heading--81oy1jm22u\"><div class=\"et_pb_heading_container\"><h5 class=\"et_pb_module_header\">Capturer l\u2019aventure, une image \u00e0 la fois<\/h5><\/div><\/div>\n\n<div class=\"et_pb_text_0 et_pb_text et_pb_bg_layout_light et_pb_module et_block_module preset--module--divi-text--2c55a9c4-feed-423b-9edb-ae0b5b365cac\"><div class=\"et_pb_text_inner\"><p>Embarquez pour un voyage visuel o\u00f9 chaque photographie raconte une histoire d\u2019exploration et d\u2019\u00e9merveillement, con\u00e7ue pour ceux qui cherchent l\u2019inspiration par l\u2019image.<\/p>\n<\/div><\/div>\n\n<div class=\"et_pb_module et_pb_button_module_wrapper et_pb_button_0_wrapper\"><a class=\"et_pb_button_0 et_pb_button et_pb_bg_layout_light et_pb_module et_block_module\" href=\"#extended-portfolio\" data-icon=\"\ue075\">Portfolio d\u2019images<\/a><\/div>\n\n<div class=\"et_pb_module et_pb_button_module_wrapper et_pb_button_1_wrapper\"><a class=\"et_pb_button_1 et_pb_button et_pb_bg_layout_light et_pb_module et_block_module\" href=\"#reels-videos\" data-icon=\"\ue024\">Reels &amp; Vid\u00e9os<\/a><\/div>\n<\/div>\n\n<div class=\"et_pb_column_1 et_pb_column et_pb_column_1_2 et-last-child et_block_column et_pb_css_mix_blend_mode_passthrough preset--module--divi-column--73121f80-a3ef-4484-8763-c3f18e3c56d2\">\n<div class=\"et_pb_image_0 et_pb_image et_pb_module et_block_module preset--module--divi-image--1cc6152f-565c-4c4d-b0c9-cf8c9576c341\"><span class=\"et_pb_image_wrap\"><img loading=\"lazy\" decoding=\"async\" src=\"https:\/\/nomadicmye.com\/wp-content\/uploads\/2026\/02\/DAD917B6-DA96-4481-9B4D-EE43EAEA1966-55947-00000996EAEA9875-scaled.jpg\" title=\"DAD917B6-DA96-4481-9B4D-EE43EAEA1966-55947-00000996EAEA9875\" width=\"1707\" height=\"2560\" srcset=\"https:\/\/nomadicmye.com\/wp-content\/uploads\/2026\/02\/DAD917B6-DA96-4481-9B4D-EE43EAEA1966-55947-00000996EAEA9875-scaled.jpg 1707w, https:\/\/nomadicmye.com\/wp-content\/uploads\/2026\/02\/DAD917B6-DA96-4481-9B4D-EE43EAEA1966-55947-00000996EAEA9875-1280x1920.jpg 1280w, https:\/\/nomadicmye.com\/wp-content\/uploads\/2026\/02\/DAD917B6-DA96-4481-9B4D-EE43EAEA1966-55947-00000996EAEA9875-980x1470.jpg 980w, https:\/\/nomadicmye.com\/wp-content\/uploads\/2026\/02\/DAD917B6-DA96-4481-9B4D-EE43EAEA1966-55947-00000996EAEA9875-480x720.jpg 480w\" sizes=\"(min-width: 0px) and (max-width: 480px) 480px, (min-width: 481px) and (max-width: 980px) 980px, (min-width: 981px) and (max-width: 1280px) 1280px, (min-width: 1281px) 1707px, 100vw\" class=\"wp-image-371\" \/><\/span><\/div>\n<\/div>\n<\/div>\n<\/div>\n\n<div class=\"et_pb_section_1 et_pb_section et_section_regular et_flex_section\" id=\"extended-portfolio\">\n<div class=\"et_pb_row_1 et_pb_row et_flex_row\">\n<div class=\"et_pb_column_2 et_pb_column et-last-child et_flex_column et_pb_css_mix_blend_mode_passthrough et_flex_column_24_24 et_flex_column_24_24_tablet et_flex_column_24_24_phone\">\n<div class=\"et_pb_heading_2 et_pb_heading et_pb_module et_flex_module preset--module--divi-heading--9f10tpnh6u\"><div class=\"et_pb_heading_container\"><h1 class=\"et_pb_module_header\">Portfolio d\u2019images<\/h1><\/div><\/div>\n<\/div>\n<\/div>\n\n<div class=\"et_pb_row_2 et_pb_row et_flex_row\">\n<div class=\"et_pb_column_3 et_pb_column et-last-child et_flex_column et_pb_css_mix_blend_mode_passthrough et_flex_column_24_24 et_flex_column_24_24_tablet et_flex_column_24_24_phone\">\n<div class=\"et_pb_code_0 et_pb_code et_pb_module\"><div class=\"et_pb_code_inner\"><iframe src=\"https:\/\/nomadicmye.myportfolio.com\/work\" style=\"width:100%; height:1500px; border:none;\"><\/iframe><\/div><\/div>\n<\/div>\n<\/div>\n<\/div>\n\n<div class=\"et_pb_section_2 et_pb_section et_section_regular et_block_section\" id=\"reels-videos\">\n<div class=\"et_pb_row_3 et_pb_row et_block_row preset--module--divi-row--5138c454-be54-4233-bd3b-f8e6a8747976\">\n<div class=\"et_pb_column_4 et_pb_column et_pb_column_4_4 et-last-child et_block_column et_pb_css_mix_blend_mode_passthrough preset--module--divi-column--73121f80-a3ef-4484-8763-c3f18e3c56d2\">\n<div class=\"et_pb_heading_3 et_pb_heading et_pb_module et_block_module preset--module--divi-heading--f0c675ea-2574-4d0e-b725-30f8550a8550 preset--module--divi-heading--9f10tpnh6u\"><div class=\"et_pb_heading_container\"><h1 class=\"et_pb_module_header\">Reels &amp; Vid\u00e9os<\/h1><\/div><\/div>\n\n<div class=\"et_pb_heading_4 et_pb_heading et_pb_module et_block_module preset--module--divi-heading--c33f07d9-41e0-421a-8799-5799df695cce preset--module--divi-heading--81oy1jm22u\"><div class=\"et_pb_heading_container\"><h5 class=\"et_pb_module_header\">Mini vlogs, pr\u00e9sentations de produits, mises en avant de lieux, moments de calme, r\u00e9v\u00e9lations cr\u00e9atives de produits, visites de chambres, pr\u00e9sentations d\u2019h\u00f4tels et de s\u00e9jours, narration bas\u00e9e sur l\u2019exp\u00e9rience, vid\u00e9os d\u2019aventure cin\u00e9matiques, et bien plus encore.<\/h5><\/div><\/div>\n<\/div>\n<\/div>\n\n<div class=\"et_pb_row_4 et_pb_row et_pb_gutters2 et_block_row preset--module--divi-row--5138c454-be54-4233-bd3b-f8e6a8747976\">\n<div class=\"et_pb_column_5 et_pb_column et_pb_column_1_2 et_block_column et_pb_css_mix_blend_mode_passthrough preset--module--divi-column--73121f80-a3ef-4484-8763-c3f18e3c56d2\">\n<div class=\"et_pb_video_0 et_pb_video et_pb_module et_flex_module\"><div class=\"et_pb_video_box\"><video controls><source type=\"video\/mp4\" src=\"https:\/\/nomadicmye.com\/wp-content\/uploads\/2026\/02\/DF76AB30-134F-4B41-A648-E533112D9B00.mp4\" \/><\/video><\/div><\/div>\n<\/div>\n\n<div class=\"et_pb_column_6 et_pb_column et_pb_column_1_2 et-last-child et_block_column et_pb_css_mix_blend_mode_passthrough preset--module--divi-column--73121f80-a3ef-4484-8763-c3f18e3c56d2\">\n<div class=\"et_pb_video_1 et_pb_video et_pb_module et_flex_module\"><div class=\"et_pb_video_box\"><video controls><source type=\"video\/mp4\" src=\"https:\/\/nomadicmye.com\/wp-content\/uploads\/2026\/02\/Untitled-1.mp4\" \/><\/video><\/div><\/div>\n<\/div>\n<\/div>\n\n<div class=\"et_pb_row_5 et_pb_row et_pb_gutters2 et_block_row preset--module--divi-row--5138c454-be54-4233-bd3b-f8e6a8747976\">\n<div class=\"et_pb_column_7 et_pb_column et_pb_column_1_3 et_block_column et_pb_css_mix_blend_mode_passthrough preset--module--divi-column--73121f80-a3ef-4484-8763-c3f18e3c56d2\">\n<div class=\"et_pb_video_2 et_pb_video et_pb_module et_flex_module\"><div class=\"et_pb_video_box\"><video controls><source type=\"video\/mp4\" src=\"https:\/\/nomadicmye.com\/wp-content\/uploads\/2026\/02\/Untitled-5.mp4\" \/><\/video><\/div><\/div>\n<\/div>\n\n<div class=\"et_pb_column_8 et_pb_column et_pb_column_1_3 et_block_column et_pb_css_mix_blend_mode_passthrough preset--module--divi-column--73121f80-a3ef-4484-8763-c3f18e3c56d2\">\n<div class=\"et_pb_video_3 et_pb_video et_pb_module et_flex_module\"><div class=\"et_pb_video_box\"><video controls><source type=\"video\/mp4\" src=\"https:\/\/nomadicmye.com\/wp-content\/uploads\/2026\/02\/9bd6d34d14bf4d43811093bd344c10d2.mp4\" \/><\/video><\/div><\/div>\n<\/div>\n\n<div class=\"et_pb_column_9 et_pb_column et_pb_column_1_3 et-last-child et_block_column et_pb_css_mix_blend_mode_passthrough preset--module--divi-column--73121f80-a3ef-4484-8763-c3f18e3c56d2\">\n<div class=\"et_pb_video_4 et_pb_video et_pb_module et_flex_module\"><div class=\"et_pb_video_box\"><video controls><source type=\"video\/mp4\" src=\"https:\/\/nomadicmye.com\/wp-content\/uploads\/2026\/02\/Untitled-4.mp4\" \/><\/video><\/div><\/div>\n<\/div>\n<\/div>\n<\/div>","protected":false},"excerpt":{"rendered":"","protected":false},"author":1,"featured_media":0,"parent":0,"menu_order":0,"comment_status":"closed","ping_status":"closed","template":"","meta":{"footnotes":""},"class_list":["post-855","page","type-page","status-publish","hentry"],"_links":{"self":[{"href":"https:\/\/nomadicmye.com\/fr\/wp-json\/wp\/v2\/pages\/855","targetHints":{"allow":["GET"]}}],"collection":[{"href":"https:\/\/nomadicmye.com\/fr\/wp-json\/wp\/v2\/pages"}],"about":[{"href":"https:\/\/nomadicmye.com\/fr\/wp-json\/wp\/v2\/types\/page"}],"author":[{"embeddable":true,"href":"https:\/\/nomadicmye.com\/fr\/wp-json\/wp\/v2\/users\/1"}],"replies":[{"embeddable":true,"href":"https:\/\/nomadicmye.com\/fr\/wp-json\/wp\/v2\/comments?post=855"}],"version-history":[{"count":1,"href":"https:\/\/nomadicmye.com\/fr\/wp-json\/wp\/v2\/pages\/855\/revisions"}],"predecessor-version":[{"id":856,"href":"https:\/\/nomadicmye.com\/fr\/wp-json\/wp\/v2\/pages\/855\/revisions\/856"}],"wp:attachment":[{"href":"https:\/\/nomadicmye.com\/fr\/wp-json\/wp\/v2\/media?parent=855"}],"curies":[{"name":"wp","href":"https:\/\/api.w.org\/{rel}","templated":true}]}}