{"id":857,"date":"2026-01-27T21:25:24","date_gmt":"2026-01-27T21:25:24","guid":{"rendered":"https:\/\/nomadicmye.com\/contact\/"},"modified":"2026-04-14T00:16:10","modified_gmt":"2026-04-14T00:16:10","slug":"contact","status":"publish","type":"page","link":"https:\/\/nomadicmye.com\/fr\/contact\/","title":{"rendered":"Contact"},"content":{"rendered":"<div class=\"et_pb_section_0 et_pb_section et_section_regular et_block_section\">\n<div class=\"et_pb_row_0 et_pb_row et_flex_row\">\n<div class=\"et_pb_column_0 et_pb_column et-last-child et_flex_column et_pb_css_mix_blend_mode_passthrough et_flex_column_24_24 et_flex_column_24_24_tablet et_flex_column_24_24_phone\">\n<style>\n  @import url(\"https:\/\/use.typekit.net\/tsi4bzt.css\");\n<\/style><div class=\"et_pb_heading_0 et_pb_heading et_pb_module et_flex_module preset--module--divi-heading--default\"><div class=\"et_pb_heading_container\"><h2 class=\"et_pb_module_header\">Discutons ensemble !<\/h2><\/div><\/div>\n<\/div>\n<\/div>\n\n<div class=\"et_pb_row_1 et_pb_row et_block_row preset--module--divi-row--5138c454-be54-4233-bd3b-f8e6a8747976\">\n<div class=\"et_pb_column_1 et_pb_column et_pb_column_1_2 et_block_column et_pb_css_mix_blend_mode_passthrough preset--module--divi-column--73121f80-a3ef-4484-8763-c3f18e3c56d2\">\n<div class=\"et_pb_text_0 et_pb_text et_pb_bg_layout_light et_pb_module et_block_module et_pb_text_align_center preset--module--divi-text--2c55a9c4-feed-423b-9edb-ae0b5b365cac\"><div class=\"et_pb_text_inner\"><p style=\"text-align: left;\">Je suis ravie de faire votre connaissance ! Que vous soyez int\u00e9ress\u00e9 par des collaborations ou que vous ayez des questions, je suis pr\u00eate \u00e0 vous aider. Remplissez le formulaire ci-dessous et entamons une conversation.<\/p>\n<p style=\"text-align: right;\">Vous pouvez \u00e9galement me contacter directement par e-mail : <strong><a href=\"mailto:myryam@nomadicmye.com\">myryam@nomadicmye.com<\/a><\/strong><\/p>\n<\/div><\/div>\n\n<div class=\"et_pb_contact_form_0 et_pb_contact_form_container clearfix et_pb_module et_flex_module\" data-form_unique_num=\"0\" data-form_unique_id=\"4761b018-f7a1-4653-8114-94c878538752\" id=\"et_pb_contact_form_4761b018-f7a1-4653-8114-94c878538752\"><div class=\"et-pb-contact-message\"><\/div><div class=\"et_pb_contact\"><form class=\"et_pb_contact_form et_flex_module\" method=\"post\" action=\"https:\/\/nomadicmye.com\/fr\/wp-json\/wp\/v2\/pages\/857\">\n<div class=\"et_pb_contact_field_0 et_pb_contact_field et_pb_module et_flex_module et_flex_column_12_24 et_flex_column_12_24_tablet et_flex_column_12_24_phone\" data-id=\"name\" data-type=\"input\"><label class=\"et_pb_contact_form_label\">Nom<\/label><input type=\"text\" name=\"et_pb_contact_0_name_0\" id=\"et_pb_contact_0_name_0\" class=\"input\" data-required_mark=\"required\" data-field_type=\"input\" data-original_id=\"name\" placeholder=\"Nom\" title=\"\" value=\"\" \/><\/div>\n\n<div class=\"et_pb_contact_field_1 et_pb_contact_field et_pb_module et_flex_module et_flex_column_12_24 et_flex_column_12_24_tablet et_flex_column_12_24_phone\" data-id=\"email\" data-type=\"email\"><label class=\"et_pb_contact_form_label\">Adresse e-mail<\/label><input type=\"text\" name=\"et_pb_contact_0_email_1\" id=\"et_pb_contact_0_email_1\" class=\"input\" data-required_mark=\"required\" data-field_type=\"email\" data-original_id=\"email\" placeholder=\"Adresse e-mail\" title=\"\" value=\"\" \/><\/div>\n\n<div class=\"et_pb_contact_field_2 et_pb_contact_field et_pb_module et_flex_module et_flex_column_24_24 et_flex_column_24_24_tablet et_flex_column_24_24_phone\" data-id=\"message\" data-type=\"text\"><label class=\"et_pb_contact_form_label\">Message<\/label><textarea name=\"et_pb_contact_0_message_2\" id=\"et_pb_contact_0_message_2\" class=\"et_pb_contact_message input\" data-required_mark=\"required\" data-field_type=\"text\" data-original_id=\"message\" placeholder=\"Message\"><\/textarea><\/div>\n<input type=\"hidden\" name=\"et_pb_contactform_submit_4761b018-f7a1-4653-8114-94c878538752\" value=\"et_contact_proccess\" \/><div class=\"et_contact_bottom_container\"><div class=\"et_pb_contact_right et_pb_contact_field\"><p class=\"clearfix\"><span class=\"et_pb_contact_captcha_question\">13 + 6<\/span> = <input type=\"text\" size=\"2\" class=\"input et_pb_contact_captcha\" data-first_digit=\"13\" data-second_digit=\"6\" data-required_mark=\"required\" name=\"et_pb_contact_captcha_4761b018-f7a1-4653-8114-94c878538752\" autocomplete=\"off\" \/><\/p><\/div><div class=\"et_pb_button_wrapper\"><button type=\"submit\" name=\"et_builder_submit_button\" class=\"et_pb_button et_pb_contact_submit\">Submit<\/button><\/div><\/div><input type=\"hidden\" id=\"_wpnonce-et-pb-contact-form-submitted-4761b018-f7a1-4653-8114-94c878538752\" name=\"_wpnonce-et-pb-contact-form-submitted-4761b018-f7a1-4653-8114-94c878538752\" value=\"ec3c4277b9\" \/><input type=\"hidden\" name=\"_wp_http_referer\" value=\"\/fr\/wp-json\/wp\/v2\/pages\/857\" \/><\/form><\/div><\/div>\n<\/div>\n\n<div class=\"et_pb_column_2 et_pb_column et_pb_column_1_2 et-last-child et_block_column et_pb_css_mix_blend_mode_passthrough preset--module--divi-column--73121f80-a3ef-4484-8763-c3f18e3c56d2\">\n<div class=\"et_pb_image_0 et_pb_image et_pb_module et_block_module preset--module--divi-image--1cc6152f-565c-4c4d-b0c9-cf8c9576c341\"><span class=\"et_pb_image_wrap\"><img loading=\"lazy\" decoding=\"async\" src=\"https:\/\/nomadicmye.com\/wp-content\/uploads\/2026\/02\/IMG_4604-1-scaled.jpg\" title=\"IMG_4604\" width=\"2048\" height=\"2560\" srcset=\"https:\/\/nomadicmye.com\/wp-content\/uploads\/2026\/02\/IMG_4604-1-scaled.jpg 2048w, https:\/\/nomadicmye.com\/wp-content\/uploads\/2026\/02\/IMG_4604-1-1280x1600.jpg 1280w, https:\/\/nomadicmye.com\/wp-content\/uploads\/2026\/02\/IMG_4604-1-980x1225.jpg 980w, https:\/\/nomadicmye.com\/wp-content\/uploads\/2026\/02\/IMG_4604-1-480x600.jpg 480w\" sizes=\"(min-width: 0px) and (max-width: 480px) 480px, (min-width: 481px) and (max-width: 980px) 980px, (min-width: 981px) and (max-width: 1280px) 1280px, (min-width: 1281px) 2048px, 100vw\" class=\"wp-image-251\" \/><\/span><\/div>\n<\/div>\n<\/div>\n<\/div>","protected":false},"excerpt":{"rendered":"","protected":false},"author":1,"featured_media":0,"parent":0,"menu_order":0,"comment_status":"closed","ping_status":"closed","template":"","meta":{"footnotes":""},"class_list":["post-857","page","type-page","status-publish","hentry"],"_links":{"self":[{"href":"https:\/\/nomadicmye.com\/fr\/wp-json\/wp\/v2\/pages\/857","targetHints":{"allow":["GET"]}}],"collection":[{"href":"https:\/\/nomadicmye.com\/fr\/wp-json\/wp\/v2\/pages"}],"about":[{"href":"https:\/\/nomadicmye.com\/fr\/wp-json\/wp\/v2\/types\/page"}],"author":[{"embeddable":true,"href":"https:\/\/nomadicmye.com\/fr\/wp-json\/wp\/v2\/users\/1"}],"replies":[{"embeddable":true,"href":"https:\/\/nomadicmye.com\/fr\/wp-json\/wp\/v2\/comments?post=857"}],"version-history":[{"count":1,"href":"https:\/\/nomadicmye.com\/fr\/wp-json\/wp\/v2\/pages\/857\/revisions"}],"predecessor-version":[{"id":858,"href":"https:\/\/nomadicmye.com\/fr\/wp-json\/wp\/v2\/pages\/857\/revisions\/858"}],"wp:attachment":[{"href":"https:\/\/nomadicmye.com\/fr\/wp-json\/wp\/v2\/media?parent=857"}],"curies":[{"name":"wp","href":"https:\/\/api.w.org\/{rel}","templated":true}]}}