{"id":868,"date":"2026-01-27T21:25:24","date_gmt":"2026-01-27T21:25:24","guid":{"rendered":"https:\/\/nomadicmye.com\/accueil\/"},"modified":"2026-04-14T00:16:39","modified_gmt":"2026-04-14T00:16:39","slug":"accueil","status":"publish","type":"page","link":"https:\/\/nomadicmye.com\/fr\/accueil\/","title":{"rendered":"Accueil"},"content":{"rendered":"<div class=\"et_pb_section_0 et_pb_section et_section_regular et_block_section et_pb_section_parallax section_has_divider et_pb_bottom_divider\"><span class=\"et-pb-parallax-wrapper\"><span class=\"et-pb-parallax-background et-pb-parallax-background-module--divi-section-0\" style=\"background-image:url(https:\/\/nomadicmye.com\/wp-content\/uploads\/2026\/01\/1-DSCF6902_Original.jpg)\"><\/span><\/span>\n<div class=\"et_pb_row_0 et_pb_row et_flex_row\">\n<div class=\"et_pb_column_0 et_pb_column et-last-child et_flex_column et_pb_css_mix_blend_mode_passthrough et_flex_column_24_24 et_flex_column_24_24_tablet et_flex_column_24_24_phone\">\n<div class=\"et_pb_image_0 et_pb_image et_pb_module et_flex_module\"><span class=\"et_pb_image_wrap\"><img loading=\"lazy\" decoding=\"async\" src=\"https:\/\/nomadicmye.com\/wp-content\/uploads\/2026\/02\/Headers-Text-Content-creation-website-12-3.png\" title=\"Headers &amp; Text Content creation website-12 (3)\" width=\"800\" height=\"200\" srcset=\"https:\/\/nomadicmye.com\/wp-content\/uploads\/2026\/02\/Headers-Text-Content-creation-website-12-3.png 800w, https:\/\/nomadicmye.com\/wp-content\/uploads\/2026\/02\/Headers-Text-Content-creation-website-12-3-480x120.png 480w\" sizes=\"(min-width: 0px) and (max-width: 480px) 480px, (min-width: 481px) 800px, 100vw\" class=\"wp-image-246\" \/><\/span><\/div>\n\n<div class=\"et_pb_heading_0 et_pb_heading et_pb_module et_flex_module preset--module--divi-heading--8h0wlhq24d\"><div class=\"et_pb_heading_container\"><h4 class=\"et_pb_module_header\">Photo \u00b7 Vid\u00e9o \u00b7 Contenu r\u00e9dactionnel<\/h4><\/div><\/div>\n<\/div>\n<\/div>\n<div class=\"et_pb_bottom_inside_divider et-no-transition\"><\/div><\/div>\n\n<div class=\"et_pb_section_1 et_pb_section et_section_regular et_flex_section et_animated\">\n<div class=\"et_pb_row_1 et_pb_row et_flex_row\">\n<div class=\"et_pb_column_1 et_pb_column et-last-child et_flex_column et_pb_css_mix_blend_mode_passthrough et_flex_column_24_24 et_flex_column_24_24_tablet et_flex_column_24_24_phone\">\n<style>\n  @import url(\"https:\/\/use.typekit.net\/tsi4bzt.css\");\n<\/style><div class=\"et_pb_heading_1 et_pb_heading et_pb_module et_flex_module preset--module--divi-heading--c33f07d9-41e0-421a-8799-5799df695cce preset--module--divi-heading--69793267a3918 preset--module--divi-heading--default\"><div class=\"et_pb_heading_container\"><h1 class=\"et_pb_module_header\">Des visuels ancr\u00e9s dans de vraies aventures<\/h1><\/div><\/div>\n<\/div>\n<\/div>\n\n<div class=\"et_pb_row_2 et_pb_row et_flex_row\">\n<div class=\"et_pb_column_2 et_pb_column et-last-child et_flex_column et_pb_css_mix_blend_mode_passthrough et_flex_column_24_24 et_flex_column_24_24_tablet et_flex_column_24_24_phone\">\n<div class=\"et_pb_text_0 et_pb_text et_pb_bg_layout_light et_pb_module et_flex_module preset--group--divi-text--divi-font-body--default preset--module--divi-text--default\"><div class=\"et_pb_text_inner\"><p data-start=\"2568\" data-end=\"2752\">\n<p data-start=\"646\" data-end=\"884\">Je cr\u00e9e du contenu photo, vid\u00e9o et narratif pour des marques et des h\u00e9bergements, en mettant l&rsquo;accent sur la qualit\u00e9, l&rsquo;atmosph\u00e8re et l&rsquo;authenticit\u00e9. Je suis passionn\u00e9e par la cr\u00e9ation de visuels qui refl\u00e8tent la mani\u00e8re dont votre produit, service ou lieu est v\u00e9ritablement destin\u00e9 \u00e0 \u00eatre v\u00e9cu.<\/p>\n<p data-start=\"886\" data-end=\"1112\">Mon travail ne repose pas sur l&rsquo;influence ou la taille de l&rsquo;audience. Il est fond\u00e9 sur la collaboration \u2014 en travaillant directement avec votre \u00e9quipe pour produire des supports visuels r\u00e9fl\u00e9chis qui soutiennent vos campagnes, votre pr\u00e9sence num\u00e9rique et l&rsquo;image de marque \u00e0 long terme.<\/p>\n<p data-start=\"1114\" data-end=\"1352\">Un contenu de marque percutant ne n\u00e9cessite pas toujours de grandes productions. Parfois, ce qui compte le plus, c&rsquo;est d&rsquo;\u00eatre pr\u00e9sent dans le bon environnement, avec la bonne intention, et de cr\u00e9er des images qui semblent naturelles, raffin\u00e9es et align\u00e9es avec votre marque.<\/p>\n<\/div><\/div>\n<\/div>\n<\/div>\n<\/div>\n\n<div class=\"et_pb_section_2 et_pb_section et_section_regular et_flex_section et-pb-has-background-video et_pb_preload\"><span class=\"et-pb-background-video\"><video autoplay loop playsinline muted><source type=\"video\/mp4\" src=\"https:\/\/nomadicmye.com\/wp-content\/uploads\/2026\/02\/Video-Project-1.mp4\" \/><\/video><\/span>\n<div class=\"et_pb_row_3 et_pb_row et_flex_row\">\n<div class=\"et_pb_column_3 et_pb_column et-last-child et_flex_column et_pb_css_mix_blend_mode_passthrough et_flex_column_24_24 et_flex_column_24_24_tablet et_flex_column_24_24_phone\">\n<div class=\"et_pb_row_4 et_pb_row et_pb_row_nested et_block_row preset--module--divi-row--048d8e79-b07f-439b-bd57-f41c14f0a56b\">\n<div class=\"et_pb_column_4 et_pb_column et_pb_column_4_4 et-last-child et_block_column et_pb_css_mix_blend_mode_passthrough\">\n<div class=\"et_pb_heading_2 et_pb_heading et_pb_module et_block_module preset--module--divi-heading--c33f07d9-41e0-421a-8799-5799df695cce preset--module--divi-heading--69793267a397a preset--module--divi-heading--9f10tpnh6u\"><div class=\"et_pb_heading_container\"><h3 class=\"et_pb_module_header\">Bonjour, je suis Myryam !<\/h3><\/div><\/div>\n\n<div class=\"et_pb_heading_3 et_pb_heading et_pb_module et_flex_module preset--module--divi-heading--81oy1jm22u\"><div class=\"et_pb_heading_container\"><h5 class=\"et_pb_module_header\">Je ma\u00eetrise l&rsquo;art d&rsquo;allier la cr\u00e9ation de contenu au frisson de l&rsquo;aventure. Sp\u00e9cialis\u00e9e dans le contenu g\u00e9n\u00e9r\u00e9 par les utilisateurs (UGC) avec une approche marketing, je donne vie aux histoires \u00e0 travers le prisme du voyage et des exp\u00e9riences en plein air. Ma mission est d&rsquo;inspirer les marques \u00e0 se connecter avec leur audience en mettant en valeur la beaut\u00e9 du monde qui nous entoure.<\/h5><\/div><\/div>\n<\/div>\n<\/div>\n<\/div>\n<\/div>\n<\/div>\n\n<div class=\"et_pb_section_3 et_pb_section et_section_regular et_flex_section\">\n<div class=\"et_pb_row_5 et_pb_row et_flex_row\">\n<div class=\"et_pb_column_5 et_pb_column et_flex_column et_pb_css_mix_blend_mode_passthrough et_flex_column_12_24 et_flex_column_12_24_tablet et_flex_column_24_24_phone\">\n<div class=\"et_pb_heading_4 et_pb_heading et_pb_module et_flex_module preset--module--divi-heading--69793267a397a preset--module--divi-heading--9f10tpnh6u\"><div class=\"et_pb_heading_container\"><h2 class=\"et_pb_module_header\">Collaborer avec moi<\/h2><\/div><\/div>\n\n<div class=\"et_pb_text_1 et_pb_text et_pb_bg_layout_light et_pb_module et_flex_module preset--group--divi-text--divi-font-body--default preset--module--divi-text--default\"><div class=\"et_pb_text_inner\"><p data-start=\"484\" data-end=\"646\" style=\"text-align: justify;\">Je collabore avec des marques ax\u00e9es sur le plein air, la performance et l&rsquo;exp\u00e9rience, ainsi qu&rsquo;avec des h\u00e9bergements uniques et des projets d&rsquo;hospitalit\u00e9 au design soign\u00e9, ancr\u00e9s dans le lieu et l&rsquo;atmosph\u00e8re.<\/p>\n<p data-start=\"648\" data-end=\"894\">Mon travail s&rsquo;aligne naturellement avec des exp\u00e9riences li\u00e9es au voyage, \u00e0 la randonn\u00e9e, au camping, aux sports de plein air, au bien-\u00eatre et au mouvement. En tant qu&rsquo;entra\u00eeneuse personnelle certifi\u00e9e, j&rsquo;apporte une perspective \u00e9clair\u00e9e aux projets li\u00e9s \u00e0 la sant\u00e9, \u00e0 la performance et \u00e0 un mode de vie conscient.<\/p>\n<p data-start=\"896\" data-end=\"1141\">Qu&rsquo;il s&rsquo;agisse de documenter un lodge isol\u00e9, une retraite boutique, des v\u00eatements de performance en mouvement ou du mat\u00e9riel test\u00e9 sur le terrain, je me concentre sur la capture des nuances de l&rsquo;exp\u00e9rience, de l&rsquo;atmosph\u00e8re, des mat\u00e9riaux, du mouvement et des d\u00e9tails qui d\u00e9finissent la qualit\u00e9.<\/p>\n<p data-start=\"1143\" data-end=\"1339\">Mes collaborations pr\u00e9c\u00e9dentes incluent des marques de mode durable et de plein air, des entreprises de camping et d&rsquo;alimentation, ainsi que des partenaires d&rsquo;h\u00e9bergement recherchant un contenu visuel raffin\u00e9 pour renforcer leur pr\u00e9sence num\u00e9rique.<\/p>\n<p data-start=\"1341\" data-end=\"1499\">Avec une formation en r\u00e9daction bilingue et en publication web, je produis \u00e9galement du contenu narratif long et court en fran\u00e7ais et en anglais lorsque n\u00e9cessaire.<\/p>\n<\/div><\/div>\n<\/div>\n\n<div class=\"et_pb_column_6 et_pb_column et-last-child et_flex_column et_pb_css_mix_blend_mode_passthrough et_flex_column_12_24 et_flex_column_12_24_tablet et_flex_column_24_24_phone\">\n<div class=\"et_pb_image_1 et_pb_image et_pb_module et_flex_module\"><span class=\"et_pb_image_wrap\"><img loading=\"lazy\" decoding=\"async\" src=\"https:\/\/nomadicmye.com\/wp-content\/uploads\/2026\/02\/DSCF3418-1-scaled.jpg\" title=\"DSCF3418\" width=\"1707\" height=\"2560\" srcset=\"https:\/\/nomadicmye.com\/wp-content\/uploads\/2026\/02\/DSCF3418-1-scaled.jpg 1707w, https:\/\/nomadicmye.com\/wp-content\/uploads\/2026\/02\/DSCF3418-1-1280x1920.jpg 1280w, https:\/\/nomadicmye.com\/wp-content\/uploads\/2026\/02\/DSCF3418-1-980x1470.jpg 980w, https:\/\/nomadicmye.com\/wp-content\/uploads\/2026\/02\/DSCF3418-1-480x720.jpg 480w\" sizes=\"(min-width: 0px) and (max-width: 480px) 480px, (min-width: 481px) and (max-width: 980px) 980px, (min-width: 981px) and (max-width: 1280px) 1280px, (min-width: 1281px) 1707px, 100vw\" class=\"wp-image-265\" \/><\/span><\/div>\n<\/div>\n<\/div>\n<\/div>\n\n\n\n<div class=\"et_pb_section_4 et_pb_section et_section_regular et_block_section\">\n<div class=\"et_pb_row_6 et_pb_row et_block_row preset--module--divi-row--5138c454-be54-4233-bd3b-f8e6a8747976\">\n<div class=\"et_pb_column_7 et_pb_column et_pb_column_4_4 et-last-child et_block_column et_pb_css_mix_blend_mode_passthrough preset--module--divi-column--73121f80-a3ef-4484-8763-c3f18e3c56d2\">\n<div class=\"et_pb_heading_5 et_pb_heading et_pb_module et_block_module preset--module--divi-heading--f0c675ea-2574-4d0e-b725-30f8550a8550\"><div class=\"et_pb_heading_container\"><\/div><\/div>\n\n<div class=\"et_pb_heading_6 et_pb_heading et_pb_module et_block_module preset--module--divi-heading--c33f07d9-41e0-421a-8799-5799df695cce preset--module--divi-heading--69793267a397a preset--module--divi-heading--9f10tpnh6u\"><div class=\"et_pb_heading_container\"><h2 class=\"et_pb_module_header\">Des aventures captivantes en images<\/h2><\/div><\/div>\n<\/div>\n<\/div>\n\n<div class=\"et_pb_row_7 et_pb_row et_pb_row_4col et_block_row preset--module--divi-row--5138c454-be54-4233-bd3b-f8e6a8747976\">\n<div class=\"et_pb_column_8 et_pb_column et_pb_column_1_4 et_block_column et_pb_css_mix_blend_mode_passthrough preset--module--divi-column--73121f80-a3ef-4484-8763-c3f18e3c56d2\">\n<div class=\"et_pb_image_2 et_pb_image et_pb_has_overlay et_pb_module et_block_module preset--module--divi-image--6ed8fd5c-62c5-4100-98c3-7b8b6d2c2ee6\"><a href=\"https:\/\/nomadicmye.com\/wp-content\/uploads\/2026\/02\/DSCF8924-scaled.jpg\" class=\"et_pb_lightbox_image\"><span class=\"et_pb_image_wrap\"><img loading=\"lazy\" decoding=\"async\" src=\"https:\/\/nomadicmye.com\/wp-content\/uploads\/2026\/02\/DSCF8924-scaled.jpg\" title=\"DSCF8924\" width=\"2560\" height=\"1444\" srcset=\"https:\/\/nomadicmye.com\/wp-content\/uploads\/2026\/02\/DSCF8924-scaled.jpg 2560w, https:\/\/nomadicmye.com\/wp-content\/uploads\/2026\/02\/DSCF8924-1280x722.jpg 1280w, https:\/\/nomadicmye.com\/wp-content\/uploads\/2026\/02\/DSCF8924-980x553.jpg 980w, https:\/\/nomadicmye.com\/wp-content\/uploads\/2026\/02\/DSCF8924-480x271.jpg 480w\" sizes=\"(min-width: 0px) and (max-width: 480px) 480px, (min-width: 481px) and (max-width: 980px) 980px, (min-width: 981px) and (max-width: 1280px) 1280px, (min-width: 1281px) 2560px, 100vw\" class=\"wp-image-349\" \/><span class=\"et_overlay\"><\/span><\/span><\/a><\/div>\n\n<div class=\"et_pb_image_3 et_pb_image et_pb_has_overlay et_pb_module et_block_module preset--module--divi-image--6ed8fd5c-62c5-4100-98c3-7b8b6d2c2ee6\"><a href=\"https:\/\/nomadicmye.com\/wp-content\/uploads\/2026\/02\/A17B7896-CF27-4656-B312-41CCC419B231-16595-0000030C63642E3E-scaled.jpg\" class=\"et_pb_lightbox_image\"><span class=\"et_pb_image_wrap\"><img loading=\"lazy\" decoding=\"async\" src=\"https:\/\/nomadicmye.com\/wp-content\/uploads\/2026\/02\/A17B7896-CF27-4656-B312-41CCC419B231-16595-0000030C63642E3E-scaled.jpg\" title=\"A17B7896-CF27-4656-B312-41CCC419B231-16595-0000030C63642E3E\" width=\"2048\" height=\"2560\" srcset=\"https:\/\/nomadicmye.com\/wp-content\/uploads\/2026\/02\/A17B7896-CF27-4656-B312-41CCC419B231-16595-0000030C63642E3E-scaled.jpg 2048w, https:\/\/nomadicmye.com\/wp-content\/uploads\/2026\/02\/A17B7896-CF27-4656-B312-41CCC419B231-16595-0000030C63642E3E-1280x1600.jpg 1280w, https:\/\/nomadicmye.com\/wp-content\/uploads\/2026\/02\/A17B7896-CF27-4656-B312-41CCC419B231-16595-0000030C63642E3E-980x1225.jpg 980w, https:\/\/nomadicmye.com\/wp-content\/uploads\/2026\/02\/A17B7896-CF27-4656-B312-41CCC419B231-16595-0000030C63642E3E-480x600.jpg 480w\" sizes=\"(min-width: 0px) and (max-width: 480px) 480px, (min-width: 481px) and (max-width: 980px) 980px, (min-width: 981px) and (max-width: 1280px) 1280px, (min-width: 1281px) 2048px, 100vw\" class=\"wp-image-357\" \/><span class=\"et_overlay\"><\/span><\/span><\/a><\/div>\n<\/div>\n\n<div class=\"et_pb_column_9 et_pb_column et_pb_column_1_4 et_block_column et_pb_css_mix_blend_mode_passthrough preset--module--divi-column--73121f80-a3ef-4484-8763-c3f18e3c56d2\">\n<div class=\"et_pb_image_4 et_pb_image et_pb_has_overlay et_pb_module et_block_module preset--module--divi-image--6ed8fd5c-62c5-4100-98c3-7b8b6d2c2ee6\"><a href=\"https:\/\/nomadicmye.com\/wp-content\/uploads\/2026\/02\/751BFF76-572F-482D-B7EA-5837EF048D1D-49964-00000BDF94CC8855_Original-scaled.jpg\" class=\"et_pb_lightbox_image\"><span class=\"et_pb_image_wrap\"><img loading=\"lazy\" decoding=\"async\" src=\"https:\/\/nomadicmye.com\/wp-content\/uploads\/2026\/02\/751BFF76-572F-482D-B7EA-5837EF048D1D-49964-00000BDF94CC8855_Original-scaled.jpg\" title=\"751BFF76-572F-482D-B7EA-5837EF048D1D-49964-00000BDF94CC8855_Original\" width=\"1440\" height=\"2560\" srcset=\"https:\/\/nomadicmye.com\/wp-content\/uploads\/2026\/02\/751BFF76-572F-482D-B7EA-5837EF048D1D-49964-00000BDF94CC8855_Original-scaled.jpg 1440w, https:\/\/nomadicmye.com\/wp-content\/uploads\/2026\/02\/751BFF76-572F-482D-B7EA-5837EF048D1D-49964-00000BDF94CC8855_Original-1280x2276.jpg 1280w, https:\/\/nomadicmye.com\/wp-content\/uploads\/2026\/02\/751BFF76-572F-482D-B7EA-5837EF048D1D-49964-00000BDF94CC8855_Original-980x1742.jpg 980w, https:\/\/nomadicmye.com\/wp-content\/uploads\/2026\/02\/751BFF76-572F-482D-B7EA-5837EF048D1D-49964-00000BDF94CC8855_Original-480x853.jpg 480w\" sizes=\"(min-width: 0px) and (max-width: 480px) 480px, (min-width: 481px) and (max-width: 980px) 980px, (min-width: 981px) and (max-width: 1280px) 1280px, (min-width: 1281px) 1440px, 100vw\" class=\"wp-image-351\" \/><span class=\"et_overlay\"><\/span><\/span><\/a><\/div>\n\n<div class=\"et_pb_image_5 et_pb_image et_pb_has_overlay et_pb_module et_block_module preset--module--divi-image--6ed8fd5c-62c5-4100-98c3-7b8b6d2c2ee6\"><a href=\"https:\/\/nomadicmye.com\/wp-content\/uploads\/2026\/02\/B28A6DD2-462C-4FAB-B832-121F1D8B18D7-55947-000009969B0B37F1-scaled.jpg\" class=\"et_pb_lightbox_image\"><span class=\"et_pb_image_wrap\"><img loading=\"lazy\" decoding=\"async\" src=\"https:\/\/nomadicmye.com\/wp-content\/uploads\/2026\/02\/B28A6DD2-462C-4FAB-B832-121F1D8B18D7-55947-000009969B0B37F1-scaled.jpg\" title=\"B28A6DD2-462C-4FAB-B832-121F1D8B18D7-55947-000009969B0B37F1\" width=\"2560\" height=\"1440\" srcset=\"https:\/\/nomadicmye.com\/wp-content\/uploads\/2026\/02\/B28A6DD2-462C-4FAB-B832-121F1D8B18D7-55947-000009969B0B37F1-scaled.jpg 2560w, https:\/\/nomadicmye.com\/wp-content\/uploads\/2026\/02\/B28A6DD2-462C-4FAB-B832-121F1D8B18D7-55947-000009969B0B37F1-1280x720.jpg 1280w, https:\/\/nomadicmye.com\/wp-content\/uploads\/2026\/02\/B28A6DD2-462C-4FAB-B832-121F1D8B18D7-55947-000009969B0B37F1-980x551.jpg 980w, https:\/\/nomadicmye.com\/wp-content\/uploads\/2026\/02\/B28A6DD2-462C-4FAB-B832-121F1D8B18D7-55947-000009969B0B37F1-480x270.jpg 480w\" sizes=\"(min-width: 0px) and (max-width: 480px) 480px, (min-width: 481px) and (max-width: 980px) 980px, (min-width: 981px) and (max-width: 1280px) 1280px, (min-width: 1281px) 2560px, 100vw\" class=\"wp-image-352\" \/><span class=\"et_overlay\"><\/span><\/span><\/a><\/div>\n<\/div>\n\n<div class=\"et_pb_column_10 et_pb_column et_pb_column_1_4 et_block_column et_pb_css_mix_blend_mode_passthrough preset--module--divi-column--73121f80-a3ef-4484-8763-c3f18e3c56d2\">\n<div class=\"et_pb_image_6 et_pb_image et_pb_has_overlay et_pb_module et_block_module preset--module--divi-image--6ed8fd5c-62c5-4100-98c3-7b8b6d2c2ee6\"><a href=\"https:\/\/nomadicmye.com\/wp-content\/uploads\/2026\/02\/DSCF1634_Original-scaled.jpg\" class=\"et_pb_lightbox_image\"><span class=\"et_pb_image_wrap\"><img loading=\"lazy\" decoding=\"async\" src=\"https:\/\/nomadicmye.com\/wp-content\/uploads\/2026\/02\/DSCF1634_Original-scaled.jpg\" title=\"DSCF1634_Original\" width=\"2560\" height=\"1444\" srcset=\"https:\/\/nomadicmye.com\/wp-content\/uploads\/2026\/02\/DSCF1634_Original-scaled.jpg 2560w, https:\/\/nomadicmye.com\/wp-content\/uploads\/2026\/02\/DSCF1634_Original-1280x722.jpg 1280w, https:\/\/nomadicmye.com\/wp-content\/uploads\/2026\/02\/DSCF1634_Original-980x553.jpg 980w, https:\/\/nomadicmye.com\/wp-content\/uploads\/2026\/02\/DSCF1634_Original-480x271.jpg 480w\" sizes=\"(min-width: 0px) and (max-width: 480px) 480px, (min-width: 481px) and (max-width: 980px) 980px, (min-width: 981px) and (max-width: 1280px) 1280px, (min-width: 1281px) 2560px, 100vw\" class=\"wp-image-354\" \/><span class=\"et_overlay\"><\/span><\/span><\/a><\/div>\n\n<div class=\"et_pb_image_7 et_pb_image et_pb_has_overlay et_pb_module et_block_module preset--module--divi-image--6ed8fd5c-62c5-4100-98c3-7b8b6d2c2ee6\"><a href=\"https:\/\/nomadicmye.com\/wp-content\/uploads\/2026\/02\/DSCF2940_Original-scaled.jpg\" class=\"et_pb_lightbox_image\"><span class=\"et_pb_image_wrap\"><img loading=\"lazy\" decoding=\"async\" src=\"https:\/\/nomadicmye.com\/wp-content\/uploads\/2026\/02\/DSCF2940_Original-scaled.jpg\" title=\"DSCF2940_Original\" width=\"1440\" height=\"2560\" srcset=\"https:\/\/nomadicmye.com\/wp-content\/uploads\/2026\/02\/DSCF2940_Original-scaled.jpg 1440w, https:\/\/nomadicmye.com\/wp-content\/uploads\/2026\/02\/DSCF2940_Original-1280x2276.jpg 1280w, https:\/\/nomadicmye.com\/wp-content\/uploads\/2026\/02\/DSCF2940_Original-980x1742.jpg 980w, https:\/\/nomadicmye.com\/wp-content\/uploads\/2026\/02\/DSCF2940_Original-480x853.jpg 480w\" sizes=\"(min-width: 0px) and (max-width: 480px) 480px, (min-width: 481px) and (max-width: 980px) 980px, (min-width: 981px) and (max-width: 1280px) 1280px, (min-width: 1281px) 1440px, 100vw\" class=\"wp-image-353\" \/><span class=\"et_overlay\"><\/span><\/span><\/a><\/div>\n<\/div>\n\n<div class=\"et_pb_column_11 et_pb_column et_pb_column_1_4 et-last-child et_block_column et_pb_css_mix_blend_mode_passthrough preset--module--divi-column--73121f80-a3ef-4484-8763-c3f18e3c56d2\">\n<div class=\"et_pb_image_8 et_pb_image et_pb_has_overlay et_pb_module et_block_module preset--module--divi-image--6ed8fd5c-62c5-4100-98c3-7b8b6d2c2ee6\"><a href=\"https:\/\/nomadicmye.com\/wp-content\/uploads\/2026\/02\/A39844D3-EAD3-4722-B9F2-4649EA63CDC9-18976-000003F0F962F35D_Original-scaled.jpg\" class=\"et_pb_lightbox_image\"><span class=\"et_pb_image_wrap\"><img loading=\"lazy\" decoding=\"async\" src=\"https:\/\/nomadicmye.com\/wp-content\/uploads\/2026\/02\/A39844D3-EAD3-4722-B9F2-4649EA63CDC9-18976-000003F0F962F35D_Original-scaled.jpg\" title=\"A39844D3-EAD3-4722-B9F2-4649EA63CDC9-18976-000003F0F962F35D_Original\" width=\"1707\" height=\"2560\" srcset=\"https:\/\/nomadicmye.com\/wp-content\/uploads\/2026\/02\/A39844D3-EAD3-4722-B9F2-4649EA63CDC9-18976-000003F0F962F35D_Original-scaled.jpg 1707w, https:\/\/nomadicmye.com\/wp-content\/uploads\/2026\/02\/A39844D3-EAD3-4722-B9F2-4649EA63CDC9-18976-000003F0F962F35D_Original-1280x1920.jpg 1280w, https:\/\/nomadicmye.com\/wp-content\/uploads\/2026\/02\/A39844D3-EAD3-4722-B9F2-4649EA63CDC9-18976-000003F0F962F35D_Original-980x1470.jpg 980w, https:\/\/nomadicmye.com\/wp-content\/uploads\/2026\/02\/A39844D3-EAD3-4722-B9F2-4649EA63CDC9-18976-000003F0F962F35D_Original-480x720.jpg 480w\" sizes=\"(min-width: 0px) and (max-width: 480px) 480px, (min-width: 481px) and (max-width: 980px) 980px, (min-width: 981px) and (max-width: 1280px) 1280px, (min-width: 1281px) 1707px, 100vw\" class=\"wp-image-355\" \/><span class=\"et_overlay\"><\/span><\/span><\/a><\/div>\n\n<div class=\"et_pb_image_9 et_pb_image et_pb_has_overlay et_pb_module et_block_module preset--module--divi-image--6ed8fd5c-62c5-4100-98c3-7b8b6d2c2ee6\"><a href=\"https:\/\/nomadicmye.com\/wp-content\/uploads\/2026\/02\/DSCF8705-scaled.jpg\" class=\"et_pb_lightbox_image\"><span class=\"et_pb_image_wrap\"><img loading=\"lazy\" decoding=\"async\" src=\"https:\/\/nomadicmye.com\/wp-content\/uploads\/2026\/02\/DSCF8705-scaled.jpg\" title=\"DSCF8705\" width=\"2560\" height=\"1445\" srcset=\"https:\/\/nomadicmye.com\/wp-content\/uploads\/2026\/02\/DSCF8705-scaled.jpg 2560w, https:\/\/nomadicmye.com\/wp-content\/uploads\/2026\/02\/DSCF8705-1280x723.jpg 1280w, https:\/\/nomadicmye.com\/wp-content\/uploads\/2026\/02\/DSCF8705-980x553.jpg 980w, https:\/\/nomadicmye.com\/wp-content\/uploads\/2026\/02\/DSCF8705-480x271.jpg 480w\" sizes=\"(min-width: 0px) and (max-width: 480px) 480px, (min-width: 481px) and (max-width: 980px) 980px, (min-width: 981px) and (max-width: 1280px) 1280px, (min-width: 1281px) 2560px, 100vw\" class=\"wp-image-356\" \/><span class=\"et_overlay\"><\/span><\/span><\/a><\/div>\n<\/div>\n<\/div>\n<\/div>","protected":false},"excerpt":{"rendered":"","protected":false},"author":1,"featured_media":0,"parent":0,"menu_order":0,"comment_status":"closed","ping_status":"closed","template":"","meta":{"footnotes":""},"class_list":["post-868","page","type-page","status-publish","hentry"],"_links":{"self":[{"href":"https:\/\/nomadicmye.com\/fr\/wp-json\/wp\/v2\/pages\/868","targetHints":{"allow":["GET"]}}],"collection":[{"href":"https:\/\/nomadicmye.com\/fr\/wp-json\/wp\/v2\/pages"}],"about":[{"href":"https:\/\/nomadicmye.com\/fr\/wp-json\/wp\/v2\/types\/page"}],"author":[{"embeddable":true,"href":"https:\/\/nomadicmye.com\/fr\/wp-json\/wp\/v2\/users\/1"}],"replies":[{"embeddable":true,"href":"https:\/\/nomadicmye.com\/fr\/wp-json\/wp\/v2\/comments?post=868"}],"version-history":[{"count":1,"href":"https:\/\/nomadicmye.com\/fr\/wp-json\/wp\/v2\/pages\/868\/revisions"}],"predecessor-version":[{"id":869,"href":"https:\/\/nomadicmye.com\/fr\/wp-json\/wp\/v2\/pages\/868\/revisions\/869"}],"wp:attachment":[{"href":"https:\/\/nomadicmye.com\/fr\/wp-json\/wp\/v2\/media?parent=868"}],"curies":[{"name":"wp","href":"https:\/\/api.w.org\/{rel}","templated":true}]}}